{"id":2,"date":"2025-08-29T14:59:47","date_gmt":"2025-08-29T12:59:47","guid":{"rendered":"http:\/\/10.10.50.121\/?page_id=2"},"modified":"2025-08-29T15:15:19","modified_gmt":"2025-08-29T13:15:19","slug":"beispiel-seite","status":"publish","type":"page","link":"https:\/\/mts-immobilien.ch\/","title":{"rendered":"MTS Immobilien AG"},"content":{"rendered":"\n<p>Die MTS Immobilien AG mit Sitz in Steinhausen an der Parkstrasse 8 besteht seit \u00fcber f\u00fcnf Jahren und hat sich in dieser Zeit als zuverl\u00e4ssiger Partner in der Immobilienbranche etabliert. Unter der Leitung von Lisa Sergi betreuen wir unsere Kunden mit viel Erfahrung, Engagement und pers\u00f6nlicher N\u00e4he.<\/p>\n\n\n\n<p>Unser Schwerpunkt liegt auf der professionellen Verwaltung von Liegenschaften, dem Kauf und Verkauf von Immobilien sowie einer kompetenten Beratung in allen Fragen rund um Wohnen und Investieren. Wir legen gro\u00dfen Wert auf Transparenz, Vertrauen und eine enge Zusammenarbeit \u2013 so stellen wir sicher, dass Sie jederzeit bestens begleitet sind.<\/p>\n\n\n\n<p>Egal, ob Sie Ihre Immobilie verkaufen m\u00f6chten, auf der Suche nach einem neuen Zuhause sind oder eine verl\u00e4ssliche Verwaltung ben\u00f6tigen \u2013 wir stehen Ihnen mit Fachwissen und Einsatzbereitschaft zur Seite.<\/p>\n\n\n\n<p>\ud83d\udc49 Zus\u00e4tzlich bieten wir einen \u00dcberblick \u00fcber unsere aktuellen Verkaufsobjekte sowie eine \u00dcbersicht bereits verkaufter Immobilien. So erhalten Sie jederzeit einen transparenten Eindruck \u00fcber unsere Arbeit.<\/p>\n\n\n\n<p><\/p>\n","protected":false},"excerpt":{"rendered":"<p>Die MTS Immobilien AG mit Sitz in Steinhausen an der Parkstrasse 8 besteht seit \u00fcber f\u00fcnf Jahren und hat sich in dieser Zeit als zuverl\u00e4ssiger Partner in der Immobilienbranche etabliert. Unter der Leitung von Lisa Sergi betreuen wir unsere Kunden mit viel Erfahrung, Engagement und pers\u00f6nlicher N\u00e4he. Unser Schwerpunkt liegt auf der professionellen Verwaltung von [&hellip;]<\/p>\n","protected":false},"author":1,"featured_media":0,"parent":0,"menu_order":0,"comment_status":"closed","ping_status":"open","template":"","meta":{"footnotes":""},"class_list":["post-2","page","type-page","status-publish","hentry"],"_links":{"self":[{"href":"https:\/\/mts-immobilien.ch\/index.php\/wp-json\/wp\/v2\/pages\/2","targetHints":{"allow":["GET"]}}],"collection":[{"href":"https:\/\/mts-immobilien.ch\/index.php\/wp-json\/wp\/v2\/pages"}],"about":[{"href":"https:\/\/mts-immobilien.ch\/index.php\/wp-json\/wp\/v2\/types\/page"}],"author":[{"embeddable":true,"href":"https:\/\/mts-immobilien.ch\/index.php\/wp-json\/wp\/v2\/users\/1"}],"replies":[{"embeddable":true,"href":"https:\/\/mts-immobilien.ch\/index.php\/wp-json\/wp\/v2\/comments?post=2"}],"version-history":[{"count":2,"href":"https:\/\/mts-immobilien.ch\/index.php\/wp-json\/wp\/v2\/pages\/2\/revisions"}],"predecessor-version":[{"id":8,"href":"https:\/\/mts-immobilien.ch\/index.php\/wp-json\/wp\/v2\/pages\/2\/revisions\/8"}],"wp:attachment":[{"href":"https:\/\/mts-immobilien.ch\/index.php\/wp-json\/wp\/v2\/media?parent=2"}],"curies":[{"name":"wp","href":"https:\/\/api.w.org\/{rel}","templated":true}]}}